{"id":37083,"date":"2014-09-04T16:20:00","date_gmt":"2014-09-04T15:20:00","guid":{"rendered":"https:\/\/www.argiletz.com\/produit\/argile-rose-200g\/"},"modified":"2024-11-14T15:38:37","modified_gmt":"2024-11-14T14:38:37","slug":"arcilla-rosa-200g","status":"publish","type":"product","link":"https:\/\/www.argiletz.com\/es-co\/producto\/arcilla-rosa-200g\/","title":{"rendered":"Arcilla en polvo rosa ultra ventilada"},"content":{"rendered":"<p>Esta arcilla de caolinita rosa afina delicadamente la textura de tu piel para darle una suavidad poco com\u00fan y revelar su luminosidad natural&#8230;<br \/>\n<strong>Recomendado para pieles sensibles.<\/strong><\/p>\n<p><strong>CONSEJOS DE USO PARA USO EXTERNO:<\/strong><\/p>\n<p>En un bol de cristal o madera, a\u00f1ade de 2 a 3 cucharadas de arcilla rosa con un poco de agua mineral o floral. Dejar reposar unos instantes. Mezclar bien con una esp\u00e1tula de madera hasta obtener una pasta cremosa y suave. <strong>CARA:<\/strong> Aplicar en capa gruesa evitando el contorno de ojos. Dejar actuar 10 minutos. La arcilla cobra vida al contacto con el agua: para conservar sus virtudes, humed\u00e9cela tanto como sea necesario. Enjuague con agua tibia. Secar bien. Aplica tu crema Hidratante* ARGILETZ.<\/p>\n<p><em>*Las capas superiores de la epidermis.<\/em><br \/>\n<strong>CABELLO:<\/strong> Distribuir por todo el cuero cabelludo. Dejar actuar de 10 a 15 minutos. Enjuague, luego aplique su champ\u00fa adecuado (Normal, Seco o Graso) ORG\u00c1NICO, ARGILETZ. <strong>BA\u00d1O:<\/strong> Diluye en tu ba\u00f1o un sobre de 200 g de arcilla rosa. Puedes agregar unas gotas de aceites esenciales de tu preferencia. Rel\u00e1jate durante 20 minutos. Enju\u00e1gate con agua limpia, tu piel recuperar\u00e1 una flexibilidad y suavidad extremas.<\/p>\n","protected":false},"excerpt":{"rendered":"<p>Esta arcilla de caolinita rosa afina delicadamente la textura de tu piel para darle una suavidad poco com\u00fan y revelar su luminosidad natural&#8230;<br \/>\n<strong>Recomendado para pieles sensibles.<\/strong><\/p>\n","protected":false},"featured_media":37084,"comment_status":"open","ping_status":"closed","template":"","meta":{"inline_featured_image":false},"product_brand":[],"product_cat":[1625,1632,1630,1633,1720,1730,1646],"product_tag":[1635,1634,1865],"class_list":{"0":"post-37083","1":"product","2":"type-product","3":"status-publish","4":"has-post-thumbnail","6":"product_cat-argile-en-poudre-et-concassee","7":"product_cat-arcillas-coloreadas-en-polvo","8":"product_cat-rostro","9":"product_cat-terapia-con-arcilla","10":"product_cat-arcilla-rosa-cara","11":"product_cat-piel-sensible","12":"product_cat-polvo-certificado-cosmos-natural","13":"product_tag-bano","14":"product_tag-mascarilla-acial-y-capilar","15":"product_tag-piel-sensible","16":"pa_categorie-arcilla-pulverizada-y-triturada","17":"pa_contenance-bolsa-de-200g","18":"pa_couleur-arcilla-rosa","19":"pa_par-problematique-peau-piel-sensible","21":"first","22":"outofstock","23":"taxable","24":"shipping-taxable","25":"purchasable","26":"product-type-simple"},"_links":{"self":[{"href":"https:\/\/www.argiletz.com\/es-co\/wp-json\/wp\/v2\/product\/37083","targetHints":{"allow":["GET"]}}],"collection":[{"href":"https:\/\/www.argiletz.com\/es-co\/wp-json\/wp\/v2\/product"}],"about":[{"href":"https:\/\/www.argiletz.com\/es-co\/wp-json\/wp\/v2\/types\/product"}],"replies":[{"embeddable":true,"href":"https:\/\/www.argiletz.com\/es-co\/wp-json\/wp\/v2\/comments?post=37083"}],"version-history":[{"count":0,"href":"https:\/\/www.argiletz.com\/es-co\/wp-json\/wp\/v2\/product\/37083\/revisions"}],"wp:featuredmedia":[{"embeddable":true,"href":"https:\/\/www.argiletz.com\/es-co\/wp-json\/wp\/v2\/media\/37084"}],"wp:attachment":[{"href":"https:\/\/www.argiletz.com\/es-co\/wp-json\/wp\/v2\/media?parent=37083"}],"wp:term":[{"taxonomy":"product_brand","embeddable":true,"href":"https:\/\/www.argiletz.com\/es-co\/wp-json\/wp\/v2\/product_brand?post=37083"},{"taxonomy":"product_cat","embeddable":true,"href":"https:\/\/www.argiletz.com\/es-co\/wp-json\/wp\/v2\/product_cat?post=37083"},{"taxonomy":"product_tag","embeddable":true,"href":"https:\/\/www.argiletz.com\/es-co\/wp-json\/wp\/v2\/product_tag?post=37083"}],"curies":[{"name":"wp","href":"https:\/\/api.w.org\/{rel}","templated":true}]}}