{"id":36883,"date":"2014-07-29T11:28:00","date_gmt":"2014-07-29T10:28:00","guid":{"rendered":"https:\/\/www.argiletz.com\/produit\/arcilla-blanca-200g\/"},"modified":"2026-03-25T08:38:03","modified_gmt":"2026-03-25T07:38:03","slug":"argile-blanche-200g","status":"publish","type":"product","link":"https:\/\/www.argiletz.com\/es-co\/producto\/argile-blanche-200g\/","title":{"rendered":"Argile blanche en poudre ultra ventil\u00e9e &#8211; Certifi\u00e9e COSMOS NATURAL**"},"content":{"rendered":"<p>L\u2019argile blanche kaolinite est ultra douce, d&#8217;un pH plus neutre, utilis\u00e9e pour ses propri\u00e9t\u00e9s d\u00e9congestionnantes.Cette argile blanche kaolinite neutre respecte votre \u00e9piderme, m\u00eame sensible, tout en lui apportant une douceur infinie.<br \/>\n<strong>Recommand\u00e9e pour les peaux ternes.<\/strong><\/p>\n<p style=\"font-weight: 400;\">INGR\u00c9DIENTS \/ INCI : Kaolin<\/p>\n<p><strong>CONSEILS D&#8217;UTILISATION EN USAGE EXTERNE :<\/strong><\/p>\n<p>Dans une coupelle en verre ou en bois, additionner 2 \u00e0 3 cuiller\u00e9es \u00e0 soupe d&#8217;argile blanche avec un peu d&#8217;eau min\u00e9rale ou florale. Laisser reposer quelques instants. Bien m\u00e9langer avec une spatule en bois afin d&#8217;obtenir une p\u00e2te onctueuse et lisse.<\/p>\n<p><strong>VISAGE :<\/strong> Appliquer en couche \u00e9paisse en \u00e9vitant le contour des yeux. Laisser agir 10 mn. L\u2019argile prend vie au contact de l\u2019eau : pour pr\u00e9server ses vertus, humidifiez-la autant que n\u00e9cessaire. Nettoyer \u00e0 l\u2019eau ti\u00e8de. Bien s\u00e9cher. Appliquer votre cr\u00e8me Hydratante* ARGILETZ.<br \/>\n<em>*Les couches sup\u00e9rieures de l&#8217;\u00e9piderme.<\/em><br \/>\n<strong>CHEVEUX :<\/strong> R\u00e9partir sur l\u2019ensemble du cuir chevelu. Laisser agir pendant 10 \u00e0 15 mn. Rincer, appliquer votre shampooing adapt\u00e9 (Normaux, Secs ou Gras) BIO, ARGILETZ.<br \/>\n<strong>BAIN :<\/strong> Diluer un sachet de 200 g d\u2019argile blanche dans votre bain. Vous pouvez ajouter quelques gouttes d&#8217;huiles essentielles de votre choix. D\u00e9tendez-vous pendant 20 mn. Rincez-vous \u00e0 l\u2019eau claire. Votre peau retrouve souplesse et douceur extr\u00eame.<\/p>\n","protected":false},"excerpt":{"rendered":"<p>L\u2019argile blanche kaolinite est ultra douce, d&#8217;un pH plus neutre, utilis\u00e9e pour ses propri\u00e9t\u00e9s d\u00e9congestionnantes.Cette argile blanche kaolinite neutre respecte votre \u00e9piderme, m\u00eame sensible, tout en lui apportant une douceur infinie.<br \/>\nRecommand\u00e9e pour les peaux ternes.<\/p>\n","protected":false},"featured_media":40698,"comment_status":"open","ping_status":"closed","template":"","meta":{"inline_featured_image":false},"product_brand":[],"product_cat":[1628,1625,1632,1629,1630,1633],"product_tag":[1635,1634,1636],"class_list":{"0":"post-36883","1":"product","2":"type-product","3":"status-publish","4":"has-post-thumbnail","6":"product_cat-arcilla-blanca-rostro","7":"product_cat-argile-en-poudre-et-concassee","8":"product_cat-arcillas-coloreadas-en-polvo","9":"product_cat-peau-normale-es-co","10":"product_cat-rostro","11":"product_cat-terapia-con-arcilla","12":"product_tag-bano","13":"product_tag-mascarilla-acial-y-capilar","14":"product_tag-piel-sensible-y-apagada","15":"pa_categorie-arcilla-pulverizada-y-triturada","16":"pa_contenance-bolsa-de-200g","17":"pa_couleur-arcilla-blanca","18":"pa_par-problematique-peau-para-todo-tipo-de-piel","20":"first","21":"instock","22":"taxable","23":"shipping-taxable","24":"purchasable","25":"product-type-simple"},"_links":{"self":[{"href":"https:\/\/www.argiletz.com\/es-co\/wp-json\/wp\/v2\/product\/36883","targetHints":{"allow":["GET"]}}],"collection":[{"href":"https:\/\/www.argiletz.com\/es-co\/wp-json\/wp\/v2\/product"}],"about":[{"href":"https:\/\/www.argiletz.com\/es-co\/wp-json\/wp\/v2\/types\/product"}],"replies":[{"embeddable":true,"href":"https:\/\/www.argiletz.com\/es-co\/wp-json\/wp\/v2\/comments?post=36883"}],"version-history":[{"count":3,"href":"https:\/\/www.argiletz.com\/es-co\/wp-json\/wp\/v2\/product\/36883\/revisions"}],"predecessor-version":[{"id":44211,"href":"https:\/\/www.argiletz.com\/es-co\/wp-json\/wp\/v2\/product\/36883\/revisions\/44211"}],"wp:featuredmedia":[{"embeddable":true,"href":"https:\/\/www.argiletz.com\/es-co\/wp-json\/wp\/v2\/media\/40698"}],"wp:attachment":[{"href":"https:\/\/www.argiletz.com\/es-co\/wp-json\/wp\/v2\/media?parent=36883"}],"wp:term":[{"taxonomy":"product_brand","embeddable":true,"href":"https:\/\/www.argiletz.com\/es-co\/wp-json\/wp\/v2\/product_brand?post=36883"},{"taxonomy":"product_cat","embeddable":true,"href":"https:\/\/www.argiletz.com\/es-co\/wp-json\/wp\/v2\/product_cat?post=36883"},{"taxonomy":"product_tag","embeddable":true,"href":"https:\/\/www.argiletz.com\/es-co\/wp-json\/wp\/v2\/product_tag?post=36883"}],"curies":[{"name":"wp","href":"https:\/\/api.w.org\/{rel}","templated":true}]}}