{"id":14932,"date":"2020-09-26T07:55:15","date_gmt":"2020-09-26T06:55:15","guid":{"rendered":"https:\/\/www.argiletz.com\/legal-mentions\/"},"modified":"2022-02-07T15:25:39","modified_gmt":"2022-02-07T14:25:39","slug":"legal-mentions","status":"publish","type":"page","link":"https:\/\/www.argiletz.com\/en\/legal-mentions\/","title":{"rendered":"Legal"},"content":{"rendered":"\t\t<div data-elementor-type=\"wp-post\" data-elementor-id=\"14932\" class=\"elementor elementor-14932 elementor-2157\" data-elementor-settings=\"{&quot;ha_cmc_init_switcher&quot;:&quot;no&quot;}\" data-elementor-post-type=\"page\">\n\t\t\t\t\t\t<section class=\"elementor-section elementor-top-section elementor-element elementor-element-e171b77 elementor-section-boxed elementor-section-height-default elementor-section-height-default\" data-id=\"e171b77\" data-element_type=\"section\" data-settings=\"{&quot;jet_parallax_layout_list&quot;:[]}\">\n\t\t\t\t\t\t<div class=\"elementor-container elementor-column-gap-default\">\n\t\t\t\t\t<div class=\"elementor-column elementor-col-100 elementor-top-column elementor-element elementor-element-feab7f7\" data-id=\"feab7f7\" data-element_type=\"column\">\n\t\t\t<div class=\"elementor-widget-wrap elementor-element-populated\">\n\t\t\t\t\t\t<div class=\"elementor-element elementor-element-5fc8c5a elementor-widget elementor-widget-text-editor\" data-id=\"5fc8c5a\" data-element_type=\"widget\" data-widget_type=\"text-editor.default\">\n\t\t\t\t\t\t\t\t\t<p style=\"text-align: right;\"><a href=\"#mentions\">I. Mentions l\u00e9gales et CGU<\/a><\/p>\n<p style=\"text-align: right;\"><a href=\"#politique\">II. Politique de confidentialit\u00e9<\/a><\/p>\t\t\t\t\t\t\t\t<\/div>\n\t\t\t\t\t<\/div>\n\t\t<\/div>\n\t\t\t\t\t<\/div>\n\t\t<\/section>\n\t\t\t\t<section class=\"elementor-section elementor-top-section elementor-element elementor-element-ea10053 elementor-section-boxed elementor-section-height-default elementor-section-height-default\" data-id=\"ea10053\" data-element_type=\"section\" data-settings=\"{&quot;jet_parallax_layout_list&quot;:[]}\">\n\t\t\t\t\t\t<div class=\"elementor-container elementor-column-gap-default\">\n\t\t\t\t\t<div class=\"elementor-column elementor-col-100 elementor-top-column elementor-element elementor-element-efac2f8\" data-id=\"efac2f8\" data-element_type=\"column\">\n\t\t\t<div class=\"elementor-widget-wrap elementor-element-populated\">\n\t\t\t\t\t\t<div class=\"elementor-element elementor-element-141090e anchor elementor-widget elementor-widget-html\" data-id=\"141090e\" data-element_type=\"widget\" data-widget_type=\"html.default\">\n\t\t\t\t\t<span id=\"mentions\"><\/span>\t\t\t\t<\/div>\n\t\t\t\t<div class=\"elementor-element elementor-element-88b520e elementor-widget elementor-widget-text-editor\" data-id=\"88b520e\" data-element_type=\"widget\" data-widget_type=\"text-editor.default\">\n\t\t\t\t\t\t\t\t\t<h2 align=\"LEFT\">\u00e9diteur<\/h2><p>ARGILETZ S.A, immatricul\u00e9e au Registre du Commerce et des Soci\u00e9t\u00e9s de Meaux sous le num\u00e9ro 318 947 322 (N\u00b0 de TVA FR 2831 894 7322)<\/p><p>Si\u00e8ge social\u00a0: 14, route d\u2019Echampeu, 77440 Lizy-sur-Ourcq, joignable par t\u00e9l\u00e9phone au\u00a0: +33(0)1 60 61 20 88 (du lundi au jeudi 8h30 \u00e0 12h30 puis 13h30 \u00e0 17h) et par email \u00e0 l\u2019adresse\u00a0: <a href=\"mailto:info@argiletz.com\">info@argiletz.com<\/a><\/p><p>Le site <a href=\"https:\/\/www.argiletz.com\">www.argiletz.com<\/a> est h\u00e9berg\u00e9 par OVH<br \/>2 rue Kellermann<br \/>59 100 Roubaix<br \/>France<\/p><p>Le directeur de la publication du pr\u00e9sent site est Mme. Nadia Kotchenko- Heitz, directrice g\u00e9n\u00e9rale de la soci\u00e9t\u00e9 ARGILETZ S.A<\/p><h2>ACC\u00c8S AU SITE ET CONDITIONS D&#8217;UTILISATION<\/h2><p>Le Site <a href=\"https:\/\/www.argiletz.com\">www.argiletz.com<\/a> est accessible gratuitement en tout lieu et \u00e0 tout Utilisateur ayant un acc\u00e8s \u00e0 Internet. L\u2019int\u00e9gralit\u00e9 des frais support\u00e9s par l\u2019Utilisateur pour acc\u00e9der au service comme notamment le mat\u00e9riel informatique, les logiciels, la connexion \u00e0 Internet sont \u00e0 sa charge.<\/p><p>L\u2019utilisateur doit pour passer commande et acc\u00e9der \u00e0 son compte client s\u2019identifier \u00e0 l\u2019aide d\u2019un identifiant et d\u2019un mot de passe.<br \/>L\u2019\u00c9diteur s&#8217;efforce de maintenir accessible le Site, pour autant, il n\u2019est pas tenu \u00e0 des r\u00e9sultats. Le site pourra \u00eatre interrompu \u00e0 tous moments \u00e0 des fins de maintenance, de mise \u00e0 jour, et pour toute autre raison notamment d&#8217;ordre technique. L\u2019\u00c9diteur ne pourra en aucun cas \u00eatre tenu responsable de ces interruptions et des cons\u00e9quences qui peuvent en d\u00e9couler pour l&#8217;Utilisateur.<\/p><p>La mise en place de liens hypertextes vers le site internet est soumise \u00e0 une autorisation \u00e9crite et pr\u00e9alable de l\u2019\u00c9diteur. La demande d\u2019autorisation se fait par courriel \u00e0 l\u2019adresse suivante : <a href=\"mailto:info@argiletz.com\">info@argiletz.com<\/a> <br \/>Des liens hypertextes sur le Site peuvent diriger l&#8217;Utilisateur sur les sites Internet de diff\u00e9rents partenaires. L\u2019\u00c9diteur d\u00e9cline toute responsabilit\u00e9 quant au contenu de sites tiers qui seraient li\u00e9s \u00e0 son site internet apr\u00e8s autorisation. Il se d\u00e9gage par cons\u00e9quent de toute responsabilit\u00e9 sur le contenu de ces sites et sur l&#8217;utilisation qui en est faite par l&#8217;Utilisateur. Le recours \u00e0 ces sites par l&#8217;Utilisateur rel\u00e8ve de la seule responsabilit\u00e9 de ce dernier.<\/p><p>Toute utilisation anormale ou toute exploitation illicite du site <a href=\"https:\/\/www.argiletz.com\">www.argiletz.com<\/a> par l\u2019utilisateur ou un tiers est sous la seule responsabilit\u00e9 de ce dernier, l\u2019\u00c9diteur se d\u00e9gage de toute responsabilit\u00e9. Ainsi, l\u2019Utilisateur du site est le seul responsable des cons\u00e9quences et des dommages caus\u00e9s aux tiers, ainsi que des r\u00e9clamations ou action pouvant en d\u00e9couler.<\/p><p>L\u2019Utilisateur renonce \u00e9galement \u00e0 exercer tout recours contre l\u2019\u00c9diteur dans le cas de poursuites par un tiers \u00e0 son encontre du fait de l\u2019utilisation et\/ou de l\u2019exploitation illicite du site.<\/p><p>L\u2019\u00c9diteur se r\u00e9serve le droit de modifier \u00e0 tout moment les pr\u00e9sentes Conditions G\u00e9n\u00e9rales d\u2019Utilisation du Site afin de respecter toute nouvelle r\u00e9glementation ou l\u00e9gislation ou \u00e0 des fins d\u2019am\u00e9lioration de la consultation du site par l\u2019Utilisateur.<\/p><h2>R\u00c8GLES RELATIVES A LA PROPRI\u00c9T\u00c9 INTELLECTUELLE<\/h2><p>Le contenu et la structure du Site sont prot\u00e9g\u00e9s par les lois fran\u00e7aises et internationales relatives \u00e0 la propri\u00e9t\u00e9 intellectuelle.<\/p><p>Toute reproduction ou repr\u00e9sentation, en tout ou partie, de tout contenu pr\u00e9sent sur le Site (notamment tout texte, image, repr\u00e9sentation iconographique ou photographique, marque ou logo) \u00e0 toutes fins et sur un quelconque support est interdite.<\/p><p>Le non-respect de cette interdiction constitue une contrefa\u00e7on pouvant engager la responsabilit\u00e9 civile et p\u00e9nale du contrefacteur.<br \/>Aucune des dispositions des pr\u00e9sentes Conditions G\u00e9n\u00e9rales d\u2019Utilisations ne pourra \u00eatre interpr\u00e9t\u00e9e comme conf\u00e9rant \u00e0 l\u2019Acheteur une licence sur un quelconque droit de propri\u00e9t\u00e9 intellectuelle.<\/p><p>Ces \u00e9l\u00e9ments restent la propri\u00e9t\u00e9 exclusive de l\u2019\u00c9diteur, sauf mentions particuli\u00e8res. A ce titre, sauf autorisation pr\u00e9alable et \u00e9crite de l\u2019\u00c9diteur, toute reproduction, repr\u00e9sentation, adaptation, modification partielle ou int\u00e9grale de tout \u00e9l\u00e9ment composant le site, par quelque moyen que ce soit, est interdite sous peine de poursuite judiciaire.<\/p><h2>R\u00c8GLES RELATIVES AUX DONN\u00c9ES PERSONNELLES<\/h2><p>Merci de vous r\u00e9f\u00e9rer \u00e0 notre <a href=\"#politique\">POLITIQUE DE CONFIDENTIALIT\u00c9<\/a><\/p><h2>DUR\u00c9E<\/h2><p>La dur\u00e9e du pr\u00e9sent contrat est ind\u00e9termin\u00e9e. Le contrat produit ses effets \u00e0 l\u2019\u00e9gard de l\u2019Utilisateur \u00e0 compter de l\u2019utilisation du Service.<\/p>\t\t\t\t\t\t\t\t<\/div>\n\t\t\t\t\t<\/div>\n\t\t<\/div>\n\t\t\t\t\t<\/div>\n\t\t<\/section>\n\t\t\t\t<section class=\"elementor-section elementor-top-section elementor-element elementor-element-6635943 elementor-section-boxed elementor-section-height-default elementor-section-height-default\" data-id=\"6635943\" data-element_type=\"section\" data-settings=\"{&quot;jet_parallax_layout_list&quot;:[]}\">\n\t\t\t\t\t\t<div class=\"elementor-container elementor-column-gap-default\">\n\t\t\t\t\t<div class=\"elementor-column elementor-col-100 elementor-top-column elementor-element elementor-element-3e47876\" data-id=\"3e47876\" data-element_type=\"column\">\n\t\t\t<div class=\"elementor-widget-wrap elementor-element-populated\">\n\t\t\t\t\t\t<div class=\"elementor-element elementor-element-bfbcccc anchor elementor-widget elementor-widget-html\" data-id=\"bfbcccc\" data-element_type=\"widget\" data-widget_type=\"html.default\">\n\t\t\t\t\t<span id=\"politique\"><\/span>\t\t\t\t<\/div>\n\t\t\t\t<div class=\"elementor-element elementor-element-46f0948 elementor-widget elementor-widget-text-editor\" data-id=\"46f0948\" data-element_type=\"widget\" data-widget_type=\"text-editor.default\">\n\t\t\t\t\t\t\t\t\t<h2>Politique de confidentialit\u00e9<\/h2><p><i>Date de mise \u00e0 jour\u00a0: 04\/07\/2019<\/i><\/p><p><span style=\"font-family: Open Sans, Times New Roman, serif;\"><span style=\"font-size: small;\">Entr\u00e9 en application le 28\/05\/2018, <\/span><\/span><span style=\"color: #222222;\"><span style=\"font-family: Open Sans, Times New Roman, serif;\"><span style=\"font-size: small;\">le\u00a0<\/span><\/span><\/span><span style=\"color: #222222;\"><span style=\"font-family: Open Sans, Times New Roman, serif;\"><span style=\"font-size: small;\"><b>R\u00e8glement<\/b><\/span><\/span><\/span><span style=\"color: #222222;\"><span style=\"font-family: Open Sans, Times New Roman, serif;\"><span style=\"font-size: small;\">\u00a0n<\/span><\/span><\/span><span style=\"color: #222222;\"><sup><span style=\"font-family: Open Sans, Times New Roman, serif;\"><span style=\"font-size: small;\">o<\/span><\/span><\/sup><\/span><span style=\"color: #222222;\"><span style=\"font-family: Open Sans, Times New Roman, serif;\"><span style=\"font-size: small;\">\u00a02016\/679, dit\u00a0<\/span><\/span><\/span><span style=\"color: #222222;\"><span style=\"font-family: Open Sans, Times New Roman, serif;\"><span style=\"font-size: small;\"><b>r\u00e8glement g\u00e9n\u00e9ral sur la protection des donn\u00e9es<\/b><\/span><\/span><\/span><span style=\"color: #222222;\"><span style=\"font-family: Open Sans, Times New Roman, serif;\"><span style=\"font-size: small;\">\u00a0(RGPD)<\/span><\/span><\/span><span style=\"font-family: Open Sans, Times New Roman, serif;\"><span style=\"font-size: small;\"> vise \u00e0 renforcer les droits des personnes relatifs \u00e0 leurs donn\u00e9es personnelles. <\/span><\/span><\/p><p><span style=\"font-family: Open Sans, Times New Roman, serif;\"><span style=\"font-size: small;\">Cette rubrique a pour but\u00a0d\u2019expliquer quelles donn\u00e9es personnelles sont collect\u00e9es par ARGILETZ, les raisons pour lesquelles nous les recueillons et les utilisons, et avec qui nous les partageons. Cette rubrique d\u00e9finit \u00e9galement vos droits et choix relatifs aux donn\u00e9es personnelles que nous collectons et vous explique comment nous prot\u00e9geons votre vie priv\u00e9e.<\/span><\/span><\/p><h3><b>Qui est responsable du traitement de vos donn\u00e9es personnelles\u00a0?<\/b><\/h3><p><span style=\"font-family: Open Sans, Times New Roman, serif;\"><span style=\"font-size: small;\">La soci\u00e9t\u00e9 ARGILETZ S.A \u2013 14, route d\u2019Echampeu, 77440 Lizy-sur-Ourcq, France \u2013 est responsable du traitement de l\u2019ensemble des donn\u00e9es personnelles collect\u00e9es.<\/span><\/span><\/p><p><span style=\"font-family: Open Sans, Times New Roman, serif;\"><span style=\"font-size: small;\">Pour toute question relative \u00e0 la pr\u00e9sente charte ou sur l\u2019exercice de vos droits, vous pouvez nous envoyer conform\u00e9ment \u00e0 la r\u00e9glementation, une demande accompagn\u00e9e d\u2019un justificatif d\u2019identit\u00e9 valide, soit \u00e0 l\u2019adresse indiqu\u00e9e ci-dessus, soit par email\u00a0: <a href=\"mailto:compta@argiletz.com\">compta@argiletz.com<\/a> \u00e0 l\u2019attention de M. LEMSEN<\/span><\/span><\/p><h3><b>Quand collectons-nous vos donn\u00e9es personnelles\u00a0?<\/b><\/h3><p><span style=\"font-family: Open Sans, Times New Roman, serif;\"><span style=\"font-size: small;\">Nous collectons vos donn\u00e9es personnelles aux moments suivants\u00a0: <\/span><\/span><\/p><ul><li><p><span style=\"font-family: Open Sans, Times New Roman, serif;\"><span style=\"font-size: small;\">Lorsque vous cr\u00e9ez un compte client<\/span><\/span><\/p><\/li><li><p><span style=\"font-family: Open Sans, Times New Roman, serif;\"><span style=\"font-size: small;\">Au moment de valider votre commande<\/span><\/span><\/p><\/li><li><p><span style=\"font-family: Open Sans, Times New Roman, serif;\"><span style=\"font-size: small;\">Lorsque vous remplissez l\u2019outil \u00ab\u00a0MON ARGILETZ\u00a0\u00bb relatif au diagnostic de votre peau<\/span><\/span><\/p><\/li><li><p><span style=\"font-family: Open Sans, Times New Roman, serif;\"><span style=\"font-size: small;\">Lorsque vous participez \u00e0 des op\u00e9rations sp\u00e9ciales, comme \u00e0 des jeux-concours, des tests de produits, des enqu\u00eates de satisfaction, des sondages ou des \u00e9tudes de march\u00e9 <\/span><\/span><\/p><\/li><li><p><span style=\"font-family: Open Sans, Times New Roman, serif;\"><span style=\"font-size: small;\">Lorsque vous partagez du contenu sur les r\u00e9seaux sociaux tels que Instagram, Facebook, Pinterest ou Twitter en utilisant le hashtag #argiletz ou d\u2019autres hashtags que nous proposons <\/span><\/span><\/p><\/li><li><p><span style=\"font-family: Open Sans, Times New Roman, serif;\"><span style=\"font-size: small;\">Lorsque vous nous contactez, notamment lorsque vous appelez ou effectuez une demande ou une r\u00e9clamation aupr\u00e8s de notre Service Client <\/span><\/span><\/p><\/li><li><p><span style=\"font-family: Open Sans, Times New Roman, serif;\"><span style=\"font-size: small;\">Lorsque vous donnez votre avis sur nos produits et\/ou services <\/span><\/span><\/p><\/li><\/ul><h3><b>Quelles sont les donn\u00e9es personnelles collect\u00e9es\u00a0?<\/b><\/h3><ul><li><p><span style=\"font-family: Open Sans, Times New Roman, serif;\"><span style=\"font-size: small;\">Vos coordonn\u00e9es (telles que nom, adresse postale, adresse de courrier \u00e9lectronique, et num\u00e9ro de t\u00e9l\u00e9phone portable ou autre) <\/span><\/span><\/p><\/li><li><p><span style=\"font-family: Open Sans, Times New Roman, serif;\"><span style=\"font-size: small;\">Votre nom d\u2019utilisateur et mot de passe, pseudo\/identifiant <\/span><\/span><\/p><\/li><li><p><span style=\"font-family: Open Sans, Times New Roman, serif;\"><span style=\"font-size: small;\">Votre \u00e2ge ou date de naissance <\/span><\/span><\/p><\/li><li><p><span style=\"font-family: Open Sans, Times New Roman, serif;\"><span style=\"font-size: small;\">Votre sexe <\/span><\/span><\/p><\/li><li><p><span style=\"font-family: Open Sans, Times New Roman, serif;\"><span style=\"font-size: small;\">Vos informations de livraison et de facturation (telles que l\u2019adresse de livraison et l\u2019adresse de facturation) <\/span><\/span><\/p><\/li><li><p><span style=\"font-family: Open Sans, Times New Roman, serif;\"><span style=\"font-size: small;\">Votre historique d\u2019achats <\/span><\/span><\/p><\/li><li><p><span style=\"font-family: Open Sans, Times New Roman, serif;\"><span style=\"font-size: small;\">Vos pr\u00e9f\u00e9rences en mati\u00e8re de produits <\/span><\/span><\/p><\/li><li><p><span style=\"font-family: Open Sans, Times New Roman, serif;\"><span style=\"font-size: small;\">Votre type de peau \/ l\u2019\u00e9tat de votre peau <\/span><\/span><\/p><\/li><li><p><span style=\"font-family: Open Sans, Times New Roman, serif;\"><span style=\"font-size: small;\">Votre type de cheveux <\/span><\/span><\/p><\/li><li><p><span style=\"font-family: Open Sans, Times New Roman, serif;\"><span style=\"font-size: small;\">Vos caract\u00e9ristiques physiques et vos pr\u00e9occupations en mati\u00e8re de soins de la peau.<\/span><\/span><\/p><\/li><li><p><span style=\"font-family: Open Sans, Times New Roman, serif;\"><span style=\"font-size: small;\">Votre adresse IP <\/span><\/span><\/p><\/li><\/ul><h3><b>A quelles fins collectons-nous ces donn\u00e9es\u00a0? <\/b><\/h3><p><span style=\"font-family: Open Sans, Times New Roman, serif;\"><span style=\"font-size: small;\">Nous collectons ces informations dans le but de r\u00e9pondre aux principales finalit\u00e9s suivantes\u00a0:<\/span><\/span><\/p><ul><li><p><span style=\"font-family: Open Sans, Times New Roman, serif;\"><span style=\"font-size: small;\">La gestion de la relation client<\/span><\/span><\/p><\/li><li><p><span style=\"font-family: Open Sans, Times New Roman, serif;\"><span style=\"font-size: small;\">La gestion des litiges et des r\u00e9clamations <\/span><\/span><\/p><\/li><li><p><span style=\"font-family: Open Sans, Times New Roman, serif;\"><span style=\"font-size: small;\">L\u2019administration du site et l\u2019am\u00e9lioration de la qualit\u00e9 du service<\/span><\/span><\/p><\/li><li><p><span style=\"font-family: Open Sans, Times New Roman, serif;\"><span style=\"font-size: small;\">La gestion des commandes (commande, livraison, factures, service apr\u00e8s-vente, etc..)<\/span><\/span><\/p><\/li><li><p><span style=\"font-family: Open Sans, Times New Roman, serif;\"><span style=\"font-size: small;\">Le traitement comptable, fiscal, financier et administratif des commandes <\/span><\/span><\/p><\/li><li><p><span style=\"font-family: Open Sans, Times New Roman, serif;\"><span style=\"font-size: small;\">L\u2019\u00e9valuation et am\u00e9lioration de notre activit\u00e9 (incluant le d\u00e9veloppement de nouveaux produits et services ; l\u2019am\u00e9lioration de nos services ; la gestion de nos communications ; l\u2019analyse de nos produits ; la r\u00e9alisation des analyses de donn\u00e9es, et d\u2019autres t\u00e2ches internes) <\/span><\/span><\/p><\/li><li><p><span style=\"font-family: Open Sans, Times New Roman, serif;\"><span style=\"font-size: small;\">Le traitement des transactions de votre carte de paiement et la cr\u00e9ation et la gestion de votre compte en ligne, notamment l\u2019acc\u00e8s \u00e0 votre historique d\u2019achats en ligne.<\/span><\/span><\/p><\/li><\/ul><h3><b>Conservation, modification et suppression des donn\u00e9es<\/b><\/h3><p><span style=\"font-family: Open Sans, Times New Roman, serif;\"><span style=\"font-size: small;\">Nous conservons les donn\u00e9es que vous nous fournissez pour toute la dur\u00e9e n\u00e9cessaire et raisonnable au bon fonctionnement de notre suivi client ainsi qu\u2019\u00e0 la prise de d\u00e9cisions commerciales.<\/span><\/span><\/p><p><span style=\"font-family: Open Sans, Times New Roman, serif;\"><span style=\"font-size: small;\">Nous pouvons \u00e9galement \u00eatre amen\u00e9s \u00e0 transmettre vos donn\u00e9es personnelles aux autorit\u00e9s locales, en cas d\u2019obligation l\u00e9gale ou dans le cadre d\u2019une enqu\u00eate et conform\u00e9ment \u00e0 la r\u00e9glementation applicable. <\/span><\/span><\/p><p><span style=\"font-family: Open Sans, Times New Roman, serif;\"><span style=\"font-size: small;\">Vous pouvez nous demander \u00e0 tout moment de supprimer ou rendre anonyme vos donn\u00e9es personnelles, sauf si la loi ne nous autorise ou ne nous contraigne \u00e0 garder certaines donn\u00e9es personnelles. <\/span><\/span><\/p><h3><b>Partage de vos donn\u00e9es<\/b><\/h3><p><span style=\"font-family: Open Sans, Times New Roman, serif;\"><span style=\"font-size: small;\">Nous ne vendons, louons ou c\u00e9dons jamais vos donn\u00e9es personnelles \u00e0 d\u2019autres entreprises \u00e0 des fins de prospection commerciale.<\/span><\/span><\/p><p><span style=\"font-family: Open Sans, Times New Roman, serif;\"><span style=\"font-size: small;\">Vos donn\u00e9es peuvent \u00eatre transmises \u00e0 des prestataires qui agissent en notre nom et selon nos instructions afin de nous fournir des services tels que le paiement s\u00e9curis\u00e9, la gestion et la maintenance du Site, la gestion des avis sur nos produits et services, la personnalisation des contenus, la gestion des campagnes digitales, l\u2019analyse de l\u2019audience, etc. Ces prestataires sont autoris\u00e9s \u00e0 utiliser uniquement vos donn\u00e9es personnelles n\u00e9cessaires \u00e0 la r\u00e9alisation de la t\u00e2che qui leur incombe, dans le respect le plus total des exigences l\u00e9gales. <\/span><\/span><\/p><h3><b>La protection de vos donn\u00e9es <\/b><\/h3><p><span style=\"font-family: Open Sans, Times New Roman, serif;\"><span style=\"font-size: small;\">Nous avons mis en place des mesures organisationnelles et techniques pour pr\u00e9server la s\u00e9curit\u00e9 et la confidentialit\u00e9 de vos donn\u00e9es personnelles et nous exigeons de nos prestataires les m\u00eames mesures de protection.<\/span><\/span><\/p><p><span style=\"font-family: Open Sans, Times New Roman, serif;\"><span style=\"font-size: small;\">L\u2019acc\u00e8s \u00e0 vos donn\u00e9es personnelles est limit\u00e9 pour emp\u00eacher tout acc\u00e8s non autoris\u00e9, toute modification, interf\u00e9rence, perte et\/ou abus. Cependant, malgr\u00e9 nos pr\u00e9cautions, internet n\u2019est pas un espace suffisamment s\u00e9curis\u00e9 pour que nous puissions vous garantir une parfaite s\u00e9curit\u00e9 de la transmission ou du stockage de vos donn\u00e9es personnelles sur celui-ci. <\/span><\/span><\/p><h3><b>Vos droits relatifs \u00e0 la protection de vos donn\u00e9es<\/b><\/h3><p><span style=\"font-family: Open Sans, Times New Roman, serif;\"><span style=\"font-size: small;\">Conform\u00e9ment \u00e0 la Loi n\u00b0 78-17 du 6 janvier 1978 relative \u00e0 l\u2019informatique, aux fichiers et aux libert\u00e9s, modifi\u00e9es par le R\u00e8glement europ\u00e9en pr\u00e9cit\u00e9 relatif \u00e0 la protection des donn\u00e9es personnelles, vous disposez notamment des droits suivants\u00a0: <\/span><\/span><\/p><p><span style=\"font-family: Open Sans, Times New Roman, serif;\"><span style=\"font-size: small;\">&#8211; Le droit d\u2019acc\u00e8s \u00e0 vos donn\u00e9es <\/span><\/span><\/p><p><span style=\"font-family: Open Sans, Times New Roman, serif;\"><span style=\"font-size: small;\">&#8211; Le droit de rectification de vos donn\u00e9es personnelles\u00a0<\/span><\/span><\/p><p><span style=\"font-family: Open Sans, Times New Roman, serif;\"><span style=\"font-size: small;\">&#8211; Le droit de suppression\u00a0de vos donn\u00e9es personnelles pour des raisons l\u00e9gitimes.<\/span><\/span><\/p><p><span style=\"font-family: Open Sans, Times New Roman, serif;\"><span style=\"font-size: small;\">Pour exercer vos droits, vous pouvez nous contacter par \u00e9crit. Cette demande devra \u00eatre sign\u00e9e et accompagn\u00e9e d\u2019une pi\u00e8ce d\u2019identit\u00e9 aupr\u00e8s du responsable de la protection des donn\u00e9es au sein de la soci\u00e9t\u00e9 ARGILETZ. <\/span><\/span><\/p><p><span style=\"font-family: Open Sans, Times New Roman, serif;\"><span style=\"font-size: small;\"><u>Soit par courrier\u00a0<\/u><\/span><\/span><span style=\"font-family: Open Sans, Times New Roman, serif;\"><span style=\"font-size: small;\">: <\/span><\/span><\/p><p><span style=\"font-family: Open Sans, Times New Roman, serif;\"><span style=\"font-size: small;\">ARGILETZ S.A<\/span><\/span><\/p><p><span style=\"font-family: Open Sans, Times New Roman, serif;\"><span style=\"font-size: small;\">M. LEMSEN<\/span><\/span><\/p><p><span style=\"font-family: Open Sans, Times New Roman, serif;\"><span style=\"font-size: small;\">14, route d\u2019Echampeu<\/span><\/span><\/p><p><span style=\"font-family: Open Sans, Times New Roman, serif;\"><span style=\"font-size: small;\">77440 Lizy-sur-Ourcq<\/span><\/span><\/p><p><span style=\"font-family: Open Sans, Times New Roman, serif;\"><span style=\"font-size: small;\"><u>Soit par email\u00a0<\/u><\/span><\/span><span style=\"font-family: Open Sans, Times New Roman, serif;\"><span style=\"font-size: small;\">: <a href=\"mailto:compta@argiletz.com\">compta@argiletz.com<\/a> <\/span><\/span><\/p><h3><b>Mise \u00e0 jour de la politique de confidentialit\u00e9<\/b><\/h3><p><span style=\"font-family: Open Sans, Times New Roman, serif;\"><span style=\"font-size: small;\">Nous pouvons mettre \u00e0 jour cette politique \u00e0 tout moment. Dans la mesure o\u00f9 la l\u00e9gislation applicable l\u2019autorise, utiliser notre site apr\u00e8s un tel avertissement \u00e9quivaut \u00e0 accepter les mises \u00e0 jour de cette politique.<\/span><\/span><\/p><p><span style=\"font-family: Open Sans, Times New Roman, serif;\"><span style=\"font-size: small;\">Merci d\u2019avoir lu notre Politique de confidentialit\u00e9. Pour toutes questions sur cette Politique, merci de contactez notre responsable de la protection des donn\u00e9es en utilisant le formulaire de contact de notre site. <\/span><\/span><\/p>\t\t\t\t\t\t\t\t<\/div>\n\t\t\t\t\t<\/div>\n\t\t<\/div>\n\t\t\t\t\t<\/div>\n\t\t<\/section>\n\t\t\t\t<\/div>\n\t\t","protected":false},"excerpt":{"rendered":"","protected":false},"author":9387,"featured_media":0,"parent":0,"menu_order":109,"comment_status":"closed","ping_status":"closed","template":"","meta":{"inline_featured_image":false,"footnotes":""},"class_list":["post-14932","page","type-page","status-publish","hentry"],"_links":{"self":[{"href":"https:\/\/www.argiletz.com\/en\/wp-json\/wp\/v2\/pages\/14932","targetHints":{"allow":["GET"]}}],"collection":[{"href":"https:\/\/www.argiletz.com\/en\/wp-json\/wp\/v2\/pages"}],"about":[{"href":"https:\/\/www.argiletz.com\/en\/wp-json\/wp\/v2\/types\/page"}],"author":[{"embeddable":true,"href":"https:\/\/www.argiletz.com\/en\/wp-json\/wp\/v2\/users\/9387"}],"replies":[{"embeddable":true,"href":"https:\/\/www.argiletz.com\/en\/wp-json\/wp\/v2\/comments?post=14932"}],"version-history":[{"count":0,"href":"https:\/\/www.argiletz.com\/en\/wp-json\/wp\/v2\/pages\/14932\/revisions"}],"wp:attachment":[{"href":"https:\/\/www.argiletz.com\/en\/wp-json\/wp\/v2\/media?parent=14932"}],"curies":[{"name":"wp","href":"https:\/\/api.w.org\/{rel}","templated":true}]}}