{"id":14189,"date":"2020-08-18T15:18:33","date_gmt":"2020-08-18T14:18:33","guid":{"rendered":"https:\/\/www.argiletz.com\/the-campaign\/"},"modified":"2023-01-01T18:09:08","modified_gmt":"2023-01-01T17:09:08","slug":"our-films","status":"publish","type":"page","link":"https:\/\/www.argiletz.com\/en\/our-films\/","title":{"rendered":"Our films"},"content":{"rendered":"\n[section padding=&#8221;0px&#8221; class=&#8221;home-slider campagne-slider&#8221;]\n\n[ux_html visibility=&#8221;hidden&#8221;]\n\n<iframe class=\"has-hover has-video is-full-height\" title=\"Argile rhassoul et argile jaune, argile de bronze Argiletz\" src=\"https:\/\/players-cdn.vidmizer.com\/28dd0efc-00e8-4aee-a3e1-b612f439abd6\/index.html#9f713f70-3073-4ab9-bcd2-d8fe7125ba43\"\n    allowfullscreen allow=\"autoplay\"\n    style='width:100%; height:100%; border:none;'>\n<\/iframe>\n\n<script type=\"application\/ld+json\">\n{\n    \"@id\": \"https:\/\/players-cdn.vidmizer.com\/28dd0efc-00e8-4aee-a3e1-b612f439abd6\/index.html#9f713f70-3073-4ab9-bcd2-d8fe7125ba43\",\n    \"@type\": \"VideoObject\",\n    \"duration\": \"PT0M53S\",\n    \"name\": \"Argile rhassoul et argile jaune, argile de bronze Argiletz\",\n    \"thumbnailUrl\": \"https:\/\/app-v2.vidmizer.com\/files\/download?token=eyJ0eXAiOiJKV1QiLCJhbGciOiJIUzI1NiJ9.eyJpc3MiOiJodHRwczpcL1wvYXBwLXYyLnZpZG1pemVyLmNvbVwvZmlsZXMiLCJpYXQiOjE2MzkwNTM1NjksImZpbGVfdXVpZCI6IjE1MWI2M2Y3LTk1ZDMtNDMwMi04NDI0LTA4ZWU2ZDk3M2IzZSJ9.DM7zPXAd8vsqgz00xkrCI4laL9H0nzqSb9dg1ZHPnp0\",\n    \"url\": \"https:\/\/app-v2.vidmizer.com\/files\/download?token=eyJ0eXAiOiJKV1QiLCJhbGciOiJIUzI1NiJ9.eyJpc3MiOiJodHRwczpcL1wvYXBwLXYyLnZpZG1pemVyLmNvbVwvZmlsZXMiLCJpYXQiOjE2Mzg4NzgzNDksImZpbGVfdXVpZCI6IjkyYWNkY2YxLTNjYWYtNGE3ZC1hMmMwLTcyYzJkNjRjNmI4NCJ9.MmYjvVmYB0SRqu7p8wf7Cz2G_oc2H7NMzCEcuj3SuMs\",\n    \"embedUrl\": \"https:\/\/app-v2.vidmizer.com\/files\/download?token=eyJ0eXAiOiJKV1QiLCJhbGciOiJIUzI1NiJ9.eyJpc3MiOiJodHRwczpcL1wvYXBwLXYyLnZpZG1pemVyLmNvbVwvZmlsZXMiLCJpYXQiOjE2Mzg4NzgzNDksImZpbGVfdXVpZCI6IjkyYWNkY2YxLTNjYWYtNGE3ZC1hMmMwLTcyYzJkNjRjNmI4NCJ9.MmYjvVmYB0SRqu7p8wf7Cz2G_oc2H7NMzCEcuj3SuMs\",\n    \"uploadDate\": \"2021-12-09T13:13:53+00:00\",\n    \"description\": \"Rhassoul et Argile Jaune \u00e0 l\u2019honneur : chaleureuses, g\u00e9n\u00e9reuses, flamboyantes, gorg\u00e9es de soleil et issues de notre Terre m\u00e8re, l\u2019argile ghassoul et l\u2019argile jaune sont \u00e0 l\u2019honneur dans cette campagne.nArgile rhassoul ou ghassoul : une p\u00e9pite venue d\u2019Orient. Utilis\u00e9e depuis des mill\u00e9naires au Moyen-Orient, l\u2019argile ghassoul est issue du massif montagneux de l\u2019Atlas situ\u00e9 au Maroc. Aussi appel\u00e9e \u00ab Terre qui lave \u00bb, cette argile fait partie des traditions du Hammam. De couleur beige \u00e0 marron gris\u00e9, le rhassoul poss\u00e8de de nombreuses propri\u00e9t\u00e9s qui le rendent incontournable pour les soins du visage, du corps et des cheveux.nArgile jaune : un soin de lumi\u00e8re. Connue pour ses propri\u00e9t\u00e9s tonifiantes, lissantes et exfoliantes, l\u2019argile jaune est une roche emplie de vitalit\u00e9 et 100% naturelle, offerte par m\u00e8re Nature depuis la nuit des temps. Elle sait prendre soin des peaux mixtes \u00e0 grasses qu\u2019elle va sublimer.nDans cette campagne, nous souhaitons donc mettre en lumi\u00e8re deux argiles aux couleurs de bronze qui ont travers\u00e9 l\u2019Histoire pour prendre soin du corps et de l\u2019esprit.nVoyage \u00e0 travers le temps. L\u2019argile existe depuis des temps anciens sous sa forme pure, inchang\u00e9e et authentique. Elle prend soin, illumine, adoucit et poss\u00e8de ce que la Nature a de meilleur depuis toujours : un condens\u00e9 de bienfaits, sans superflu. Comme une qu\u00eate de sens, un retour vers l\u2019essentiel, nous souhaitons mettre nos argiles de bronze au c\u0153ur d\u2019un voyage in\u00e9dit.nDirection Belchite en Espagne. Pour cela, nous nous sommes rendus dans les ruines du village-martyr de Belchite, situ\u00e9 en Espagne, pr\u00e8s de Saragosse dans la communaut\u00e9 d\u2019Aragon. T\u00e9moin de batailles f\u00e9roces, ce village fait de vieilles pierres, de vo\u00fbtes et d\u2019arches \u00e0 couper le souffle, a conserv\u00e9 une valeur historique qui a surv\u00e9cu au gr\u00e9 du temps. Comme fig\u00e9 dans l\u2019histoire, ce paysage conserv\u00e9 aux teintes de bronze offre un d\u00e9cor \u00e0 l\u2019image de l\u2019argile : \u00e0 la fois brut, puissant, riche de sens et d\u2019histoire.nnA travers ces images, suivez les traces d\u2019un valeureux chevalier qui, accompagn\u00e9 de son fid\u00e8le aigle, marche d\u2019un pas d\u00e9cid\u00e9 et foule le sol de l\u2019\u00e9glise en ruine \u00e0 la recherche d\u2019une relique.nUne relique \u00e0 travers les \u00e2ges. Dans un jeu d\u2019ombre et de lumi\u00e8re, l\u2019\u00e9glise semble fig\u00e9e dans le temps. En son sein, l\u2019aigle majestueux tournoie et virevolte entre ses fresques, son toit \u00e0 moiti\u00e9 d\u00e9couvert et ses murs de vieilles pierres.nnHapp\u00e9 par un faisceau de lumi\u00e8re, le chevalier avance lentement \u00e0 travers un nuage aux teintes brunes et d\u00e9couvre un sablier rempli de poudre jaune, comme suspendu dans les airs par magie et tournant sur lui-m\u00eame. Le chevalier s\u2019en empare et, avec un sourire \u00e9mu, brandit fi\u00e8rement le sablier tel une relique \u00e0 la valeur incommensurable.nnL\u2019argile, repr\u00e9sent\u00e9e par cette relique, est un soin ancestral qui a su traverser les mill\u00e9naires et conserver ses propri\u00e9t\u00e9s bienfaitrices. Hier comme aujourd\u2019hui, elle est un tr\u00e9sor de la nature, un rem\u00e8de qui a voyag\u00e9 \u00e0 travers le temps.\",\n    \"transcript\": \"\",\n    \"@context\": \"http:\/\/schema.org\/\"\n}\n<\/script>\n[\/ux_html]\n[ux_video url=&#8221;https:\/\/www.youtube.com\/watch?v=eXSl23RgrWM&#8221; height=&#8221;39%&#8221;]\n\n\n[\/section]\n[section padding=&#8221;0px&#8221; video_visibility=&#8221;visible&#8221; class=&#8221;home-coupcoeur&#8221;]\n\n[row width=&#8221;full-width&#8221; padding=&#8221;0px 0px 0px 0px&#8221;]\n\n[col span=&#8221;6&#8243; span__sm=&#8221;12&#8243; span__md=&#8221;12&#8243; padding=&#8221;0px 0px 0px 0px&#8221; margin=&#8221;0pxx 0px 0px 0px&#8221;]\n\n<div class=\"displaytablet\">\n<h2>Red clay in the spotlight<\/h2>\n<hr>\n<\/div>\n[ux_image id=&#8221;25492&#8243; image_hover=&#8221;overlay-add&#8221; link=&#8221;https:\/\/www.argiletz.com\/produit\/rose_clay_mask-100g\/?lang=en&#8221;]\n\n[row_inner]\n\n[col_inner span=&#8221;2&#8243; span__sm=&#8221;12&#8243; visibility=&#8221;hide-for-medium&#8221;]\n\n\n[\/col_inner]\n[col_inner span=&#8221;8&#8243; span__sm=&#8221;12&#8243; span__md=&#8221;12&#8243; class=&#8221;coupcoeur-text&#8221;]\n\n<h3>In the heart of clay <\/h3>\n<p>The earth connects all peoples, it is our most precious common good. Among his generous gifts, essential to life: fruits, vegetables, flowers, plants&#8230;<\/p>\n<p>The earth also offers us clay, the fruit of 4 billion years of sedimentation of rocks. <\/p>\n<h4>SOSSULVEI, clay desert, the natural jewel of the country <\/h4>\n<p>Our team flew to make you discover the wonderful clay landscapes that despite their different colors form an impressive unity. Red clay, predominant, blends with yellow clay, white clay and green clay, which forms a real sea of clay!<\/p>\n<p>These clay dunes that stretch as far as the eye can see, meet the ocean&#8230; Namibia is the only place in the world where this unlikely encounter between the ocean and the desert is possible.\n<\/p>\n\n\n[\/col_inner]\n[col_inner span=&#8221;2&#8243; span__sm=&#8221;12&#8243; span__md=&#8221;2&#8243; visibility=&#8221;hide-for-medium&#8221;]\n\n\n[\/col_inner]\n\n[\/row_inner]\n\n[\/col]\n[col span=&#8221;6&#8243; span__sm=&#8221;12&#8243; span__md=&#8221;12&#8243; padding=&#8221;0px 0px 0px 0px&#8221; margin=&#8221;100px 0px 0px 0px&#8221;]\n\n[ux_text class=&#8221;.campagne-titre-rouge&#8221;]\n\n<div class=\"displaydesktop\">\n<h2 style=\"color:#d24e22\" id=\"histoire\">Namibia: mythical clay land<\/h2>\n<hr>\n<\/div>\n\n[\/ux_text]\n[ux_image id=&#8221;25500&#8243; margin=&#8221;0px 0px 0px 0px&#8221; image_hover=&#8221;overlay-add&#8221; link=&#8221;https:\/\/www.argiletz.com\/categorie-produit\/face\/clay-mask-face\/?lang=en&#8221;]\n\n[row_inner padding=&#8221;0px 0px 0px 0px&#8221;]\n\n[col_inner span=&#8221;2&#8243; span__sm=&#8221;12&#8243; margin=&#8221;0px 0px 0pxx 1px&#8221; visibility=&#8221;hide-for-medium&#8221;]\n\n\n[\/col_inner]\n[col_inner span=&#8221;8&#8243; span__sm=&#8221;12&#8243; span__md=&#8221;12&#8243; class=&#8221;coupcoeur-text&#8221;]\n\n\n[\/col_inner]\n[col_inner span=&#8221;2&#8243; span__sm=&#8221;12&#8243; span__md=&#8221;1&#8243; visibility=&#8221;hide-for-medium&#8221;]\n\n\n[\/col_inner]\n\n[\/row_inner]\n\n[\/col]\n\n[\/row]\n\n[\/section]\n[section padding=&#8221;0px&#8221; class=&#8221;notre-histoire-depuis&#8221;]\n\n[row style=&#8221;collapse&#8221; width=&#8221;full-width&#8221;]\n\n[col span=&#8221;5&#8243; span__sm=&#8221;12&#8243;]\n\n[ux_image id=&#8221;25496&#8243;]\n\n\n[\/col]\n[col span=&#8221;6&#8243; span__sm=&#8221;12&#8243; divider=&#8221;0&#8243; padding=&#8221;0 0px 0px 0px&#8221; align=&#8221;center&#8221;]\n\n<h2>The Himbas with clay-covered skin<\/h2>\n<p>For some peoples, especially in the so-called &#8220;traditional&#8221; countries, the link between the earth and man is manifested by respect for nature, which they recognize as a beneficial source, like a loving mother. In Namibia, the red agile has been a real wealth for the Namibian people for thousands of years. <\/br><br>\nThe Himba people are known and admired for preserving their ancestral way of life to this day. Since the dawn of time, Himba women have been smearing themselves with red clay on their bodies and hair. It is a cultural tradition that is both aesthetic and protective.<br>\n<\/br>The connection to the land manifests itself in this way, the clay beautifies women while taking care of their skin in an arid desert. Be careful, they only coat their hair with clay after being married!<br>\nIt is the red clay combined with animal fat that gives Himba women in Namibia their beautiful red complexion. It is also clay that allows them to better protect themselves from the sun, drought and insects.\n<\/p>\n\n\n[\/col]\n[col span=&#8221;1&#8243; span__sm=&#8221;12&#8243;]\n\n\n[\/col]\n\n[\/row]\n\n[\/section]\n[section padding=&#8221;0px&#8221; video_visibility=&#8221;visible&#8221; class=&#8221;home-coupcoeur&#8221;]\n\n[row width=&#8221;full-width&#8221; padding=&#8221;0px 0px 0px 0px&#8221;]\n\n[col span=&#8221;6&#8243; span__sm=&#8221;12&#8243; span__md=&#8221;12&#8243; padding=&#8221;0px 0px 0px 0px&#8221; margin=&#8221;0pxx 0px 0px 0px&#8221;]\n\n<div class=\"displaytablet\">\n<h2>Mystical journey<\/h2>\n<hr>\n<\/div>\n[ux_image id=&#8221;25498&#8243; image_hover=&#8221;overlay-add&#8221; link=&#8221;https:\/\/www.argiletz.com\/produit\/rose_clay_mask-100g\/?lang=en&#8221;]\n\n[title style=&#8221;center&#8221; text=&#8221;Red clay, a nourishing and protective treatment that illuminates the skin&#8221; margin_top=&#8221;56px&#8221; size=&#8221;129&#8243;]\n\n[row_inner]\n\n[col_inner span=&#8221;2&#8243; span__sm=&#8221;12&#8243; visibility=&#8221;hide-for-medium&#8221;]\n\n\n[\/col_inner]\n[col_inner span=&#8221;9&#8243; span__sm=&#8221;12&#8243; span__md=&#8221;12&#8243; class=&#8221;coupcoeur-text&#8221;]\n\n<p>Red clay is very rich in minerals and trace elements including iron, zinc, silicon. It illuminates the face, and restores radiance to dull complexions.<\/br><br>\nIt also has antioxidant qualities thanks to its silicon composition. Red clay is particularly recommended for dry skin and\/or skin lacking radiance.\n<\/p>\n\n\n[\/col_inner]\n[col_inner span=&#8221;1&#8243; span__sm=&#8221;12&#8243; span__md=&#8221;2&#8243; visibility=&#8221;hide-for-medium&#8221;]\n\n\n[\/col_inner]\n\n[\/row_inner]\n\n[\/col]\n[col span=&#8221;6&#8243; span__sm=&#8221;12&#8243; span__md=&#8221;12&#8243; padding=&#8221;0px 0px 0px 0px&#8221; margin=&#8221;100px 0px 0px 0px&#8221;]\n\n[ux_text class=&#8221;campagne-titre-rouge&#8221;]\n\n<div class=\"displaydesktop\">\n<h2 style=\"color:#d24e22\">Land of beauty<\/h2>\n<hr>\n<\/div>\n\n[\/ux_text]\n[ux_image id=&#8221;25502&#8243; margin=&#8221;0px 0px 0px 0px&#8221; image_hover=&#8221;overlay-add&#8221; link=&#8221;https:\/\/www.argiletz.com\/categorie-produit\/face\/clay-mask-face\/?lang=en&#8221;]\n\n[row_inner]\n\n[col_inner span=&#8221;2&#8243; span__sm=&#8221;12&#8243; visibility=&#8221;hide-for-medium&#8221;]\n\n\n[\/col_inner]\n[col_inner span=&#8221;8&#8243; span__sm=&#8221;12&#8243; span__md=&#8221;12&#8243; class=&#8221;coupcoeur-text&#8221;]\n\n\n[\/col_inner]\n[col_inner span=&#8221;2&#8243; span__sm=&#8221;12&#8243; span__md=&#8221;1&#8243; visibility=&#8221;hide-for-medium&#8221;]\n\n\n[\/col_inner]\n\n[\/row_inner]\n\n[\/col]\n\n[\/row]\n\n[\/section]\n[section video_visibility=&#8221;visible&#8221; class=&#8221;home-produit&#8221;]\n\n<h2 id=\"produit\">Products in the spotlight<\/h2>\n<hr>\n[row width=&#8221;full-width&#8221; class=&#8221;home-produit-slider&#8221;]\n\n[col span=&#8221;1&#8243; span__sm=&#8221;12&#8243; visibility=&#8221;hide-for-medium&#8221;]\n\n\n[\/col]\n[col span=&#8221;10&#8243; span__sm=&#8221;12&#8243; span__md=&#8221;12&#8243; padding=&#8221;0px 0px 0px 0px&#8221; margin=&#8221;0px 0px -60px 0px&#8221;]\n\n[gap height=&#8221;50px&#8221;]\n\n[ux_products style=&#8221;normal&#8221; width=&#8221;full-width&#8221; col_spacing=&#8221;large&#8221; slider_nav_style=&#8221;simple&#8221; slider_nav_color=&#8221;light&#8221; slider_nav_position=&#8221;outside&#8221; auto_slide=&#8221;4000&#8243; show_quick_view=&#8221;0&#8243; equalize_box=&#8221;true&#8221; ids=&#8221;281,236,280,233,232,239,231,235,284,283,282,279&#8243; image_height=&#8221;100%&#8221;]\n\n\n[\/col]\n[col span=&#8221;1&#8243; span__sm=&#8221;12&#8243; visibility=&#8221;hide-for-medium&#8221;]\n\n\n[\/col]\n\n[\/row]\n\n[\/section]\n[section video_visibility=&#8221;visible&#8221; class=&#8221;home-instagram&#8221; visibility=&#8221;hidden&#8221;]\n\n[row width=&#8221;full-width&#8221;]\n\n[col span=&#8221;1&#8243; span__sm=&#8221;12&#8243;]\n\n\n[\/col]\n[col span=&#8221;10&#8243; span__sm=&#8221;12&#8243;]\n\n<h2>Follow the campaign on Instagram<\/h2>\n<hr>\n[ux_instagram_feed username=&#8221;argiletz&#8221; hashtag=&#8221;argiletzsaison4&#8243; type=&#8221;slider&#8221; width=&#8221;full-width&#8221; col_spacing=&#8221;large&#8221; columns=&#8221;3&#8243; slider_nav_style=&#8221;simple&#8221; slider_nav_color=&#8221;light&#8221; slider_nav_position=&#8221;outside&#8221; auto_slide=&#8221;3000&#8243;]\n\n\n[\/col]\n[col span=&#8221;1&#8243; span__sm=&#8221;12&#8243;]\n\n\n[\/col]\n\n[\/row]\n\n[\/section]\n","protected":false},"excerpt":{"rendered":"","protected":false},"author":9387,"featured_media":0,"parent":0,"menu_order":50,"comment_status":"closed","ping_status":"closed","template":"page-blank.php","meta":{"inline_featured_image":false,"footnotes":""},"class_list":["post-14189","page","type-page","status-publish","hentry"],"_links":{"self":[{"href":"https:\/\/www.argiletz.com\/en\/wp-json\/wp\/v2\/pages\/14189","targetHints":{"allow":["GET"]}}],"collection":[{"href":"https:\/\/www.argiletz.com\/en\/wp-json\/wp\/v2\/pages"}],"about":[{"href":"https:\/\/www.argiletz.com\/en\/wp-json\/wp\/v2\/types\/page"}],"author":[{"embeddable":true,"href":"https:\/\/www.argiletz.com\/en\/wp-json\/wp\/v2\/users\/9387"}],"replies":[{"embeddable":true,"href":"https:\/\/www.argiletz.com\/en\/wp-json\/wp\/v2\/comments?post=14189"}],"version-history":[{"count":0,"href":"https:\/\/www.argiletz.com\/en\/wp-json\/wp\/v2\/pages\/14189\/revisions"}],"wp:attachment":[{"href":"https:\/\/www.argiletz.com\/en\/wp-json\/wp\/v2\/media?parent=14189"}],"curies":[{"name":"wp","href":"https:\/\/api.w.org\/{rel}","templated":true}]}}